{"id":39,"date":"2018-04-11T14:10:05","date_gmt":"2018-04-11T14:10:05","guid":{"rendered":"http:\/\/www.beachsports-erfurt.de\/?page_id=39"},"modified":"2021-09-08T08:54:24","modified_gmt":"2021-09-08T08:54:24","slug":"der-vorstand","status":"publish","type":"page","link":"https:\/\/www.beachsports-erfurt.de\/?page_id=39","title":{"rendered":"Der Vorstand"},"content":{"rendered":"<p>Hier finden sich die ordnungsgem\u00e4\u00df gew\u00e4hlten Mitglieder des Vorstands:<\/p>\n<p>1. Vorsitzender: Rainer Nowak (Vorstand)<\/p>\n<p>2. Vorsitzender: Uwe Batz (Vorstand)<\/p>\n<p>Kassenwart: Anne Buchholz (Kassenwart)<\/p>\n<hr \/>\n","protected":false},"excerpt":{"rendered":"<p>Hier finden sich die ordnungsgem\u00e4\u00df gew\u00e4hlten Mitglieder des Vorstands: 1. Vorsitzender: Rainer Nowak (Vorstand) 2. Vorsitzender: Uwe Batz (Vorstand) Kassenwart: Anne Buchholz (Kassenwart)<\/p>\n","protected":false},"author":1,"featured_media":0,"parent":0,"menu_order":0,"comment_status":"closed","ping_status":"closed","template":"","meta":{"jetpack_post_was_ever_published":false,"footnotes":""},"jetpack_sharing_enabled":true,"jetpack_shortlink":"https:\/\/wp.me\/P9PYpo-D","jetpack_likes_enabled":true,"_links":{"self":[{"href":"https:\/\/www.beachsports-erfurt.de\/index.php?rest_route=\/wp\/v2\/pages\/39"}],"collection":[{"href":"https:\/\/www.beachsports-erfurt.de\/index.php?rest_route=\/wp\/v2\/pages"}],"about":[{"href":"https:\/\/www.beachsports-erfurt.de\/index.php?rest_route=\/wp\/v2\/types\/page"}],"author":[{"embeddable":true,"href":"https:\/\/www.beachsports-erfurt.de\/index.php?rest_route=\/wp\/v2\/users\/1"}],"replies":[{"embeddable":true,"href":"https:\/\/www.beachsports-erfurt.de\/index.php?rest_route=%2Fwp%2Fv2%2Fcomments&post=39"}],"version-history":[{"count":7,"href":"https:\/\/www.beachsports-erfurt.de\/index.php?rest_route=\/wp\/v2\/pages\/39\/revisions"}],"predecessor-version":[{"id":2237,"href":"https:\/\/www.beachsports-erfurt.de\/index.php?rest_route=\/wp\/v2\/pages\/39\/revisions\/2237"}],"wp:attachment":[{"href":"https:\/\/www.beachsports-erfurt.de\/index.php?rest_route=%2Fwp%2Fv2%2Fmedia&parent=39"}],"curies":[{"name":"wp","href":"https:\/\/api.w.org\/{rel}","templated":true}]}}