{"id":315,"date":"2018-05-29T11:22:57","date_gmt":"2018-05-29T11:22:57","guid":{"rendered":"http:\/\/www.beachsports-erfurt.de\/?page_id=315"},"modified":"2018-05-30T08:20:42","modified_gmt":"2018-05-30T08:20:42","slug":"schirmherrin","status":"publish","type":"page","link":"https:\/\/www.beachsports-erfurt.de\/?page_id=315","title":{"rendered":"Schirmherrin"},"content":{"rendered":"<p>Wir freuen uns als neuestes Ehrenmitglied und gleichzeitig Schirmherrin des F\u00f6rdervereins folgende herausragende Sportlerin pr\u00e4sentieren zu d\u00fcrfen:<\/p>\n<p><strong>Julia Gro\u00dfner<\/strong> &#8211;\u00a0 Europameisterin Beachvolleyball Damen 2017<br \/>\n<b>Geburtsort<\/b> &#8211; Weimar (Th\u00fcringen)<\/p>\n<figure id=\"attachment_320\" aria-describedby=\"caption-attachment-320\" style=\"width: 525px\" class=\"wp-caption alignnone\"><a href=\"http:\/\/www.beachsports-erfurt.de\/wp-content\/uploads\/2018\/05\/193217_CEV_Jurmala_20170820-182529.jpg\"><img loading=\"lazy\" decoding=\"async\" class=\"wp-image-320 size-large\" src=\"http:\/\/www.beachsports-erfurt.de\/wp-content\/uploads\/2018\/05\/193217_CEV_Jurmala_20170820-182529-1024x838.jpg\" alt=\"\" width=\"525\" height=\"430\" srcset=\"https:\/\/www.beachsports-erfurt.de\/wp-content\/uploads\/2018\/05\/193217_CEV_Jurmala_20170820-182529-1024x838.jpg 1024w, https:\/\/www.beachsports-erfurt.de\/wp-content\/uploads\/2018\/05\/193217_CEV_Jurmala_20170820-182529-300x246.jpg 300w, https:\/\/www.beachsports-erfurt.de\/wp-content\/uploads\/2018\/05\/193217_CEV_Jurmala_20170820-182529-768x628.jpg 768w\" sizes=\"(max-width: 525px) 100vw, 525px\" \/><\/a><figcaption id=\"caption-attachment-320\" class=\"wp-caption-text\">Quelle: Julia Gro\u00dfner \/ CEV (rechts im Bild zu sehen)<\/figcaption><\/figure>\n<p>Julias sportliche Erfolge<\/p>\n<p><strong>Internationale Erfolge:<\/strong><br \/>\nEuropameisterin 2017 (mit Nadja Glenzke, links im Bild zu sehen)<br \/>\n1x Gold FIVB World Tour (2014: Anapa Open) 5. Platz Grand Slam Argentinien\u00a0 2013<br \/>\n9. Platz Grand Slam Deutschland 2013<br \/>\n2. Platz CEV-Satellite Vaduz 2011<br \/>\n4. Platz CEV-Challenger Varna 2011<br \/>\n2. Platz FIVB Satellite Vaduz 2009<br \/>\n2. Platz CEV Satallite Laredo 2009<br \/>\nU 23 Europameisterin 2009<br \/>\n3. Platz Sudenten WM 2008<\/p>\n<p><strong>Nationale Erfolge:<\/strong><br \/>\n1. Platz Smart Super Cup Frankfurt 2013<br \/>\n1. Platz Smart Super Cup M\u00fcnster 2013<br \/>\n1. Platz Smart Beach Cup Norderney, Leipzig 2011<br \/>\n3. Platz Smart Beach Cup Norderney 2009<br \/>\n2 Platz Smart Beach Cup Norderney 2008<br \/>\n3 Platz Smart Beach Cup Binz, M\u00fcnchen 2008<br \/>\nC+B Jugend Deutscher Meister 2004<\/p>\n<p>Quelle: <a href=\"http:\/\/www.beach-volleyball.de\/index.php?id=169&amp;yl_spieler=452\" target=\"_blank\" rel=\"noopener\">http:\/\/www.beach-volleyball.de<\/a><\/p>\n<p>&nbsp;<\/p>\n<p><!--more--><\/p>\n<p>Weitere Informationen: <a href=\"https:\/\/de.wikipedia.org\/wiki\/Julia_Gro%C3%9Fner\" target=\"_blank\" rel=\"noopener\">Jules Portrait bei Wikipedia<\/a><\/p>\n<figure id=\"attachment_318\" aria-describedby=\"caption-attachment-318\" style=\"width: 300px\" class=\"wp-caption alignnone\"><a href=\"http:\/\/www.beachsports-erfurt.de\/wp-content\/uploads\/2018\/05\/193222_CEV_Jurmala_20170820-182818.jpg\"><img loading=\"lazy\" decoding=\"async\" class=\"wp-image-318 size-medium\" src=\"http:\/\/www.beachsports-erfurt.de\/wp-content\/uploads\/2018\/05\/193222_CEV_Jurmala_20170820-182818-300x169.jpg\" alt=\"\" width=\"300\" height=\"169\" srcset=\"https:\/\/www.beachsports-erfurt.de\/wp-content\/uploads\/2018\/05\/193222_CEV_Jurmala_20170820-182818-300x169.jpg 300w, https:\/\/www.beachsports-erfurt.de\/wp-content\/uploads\/2018\/05\/193222_CEV_Jurmala_20170820-182818-768x432.jpg 768w, https:\/\/www.beachsports-erfurt.de\/wp-content\/uploads\/2018\/05\/193222_CEV_Jurmala_20170820-182818-1024x576.jpg 1024w\" sizes=\"(max-width: 300px) 100vw, 300px\" \/><\/a><figcaption id=\"caption-attachment-318\" class=\"wp-caption-text\">Quelle: Julia Gro\u00dfner \/ CEV<\/figcaption><\/figure>\n<figure id=\"attachment_319\" aria-describedby=\"caption-attachment-319\" style=\"width: 300px\" class=\"wp-caption alignnone\"><a href=\"http:\/\/www.beachsports-erfurt.de\/wp-content\/uploads\/2018\/05\/120745_CEV_Jurmala_20170819-110708.jpg\"><img loading=\"lazy\" decoding=\"async\" class=\"wp-image-319 size-medium\" src=\"http:\/\/www.beachsports-erfurt.de\/wp-content\/uploads\/2018\/05\/120745_CEV_Jurmala_20170819-110708-300x169.jpg\" alt=\"\" width=\"300\" height=\"169\" srcset=\"https:\/\/www.beachsports-erfurt.de\/wp-content\/uploads\/2018\/05\/120745_CEV_Jurmala_20170819-110708-300x169.jpg 300w, https:\/\/www.beachsports-erfurt.de\/wp-content\/uploads\/2018\/05\/120745_CEV_Jurmala_20170819-110708-768x432.jpg 768w, https:\/\/www.beachsports-erfurt.de\/wp-content\/uploads\/2018\/05\/120745_CEV_Jurmala_20170819-110708-1024x576.jpg 1024w\" sizes=\"(max-width: 300px) 100vw, 300px\" \/><\/a><figcaption id=\"caption-attachment-319\" class=\"wp-caption-text\">Quelle: Julia Gro\u00dfner \/ CEV<\/figcaption><\/figure>\n<figure id=\"attachment_321\" aria-describedby=\"caption-attachment-321\" style=\"width: 300px\" class=\"wp-caption alignnone\"><a href=\"http:\/\/www.beachsports-erfurt.de\/wp-content\/uploads\/2018\/05\/120702_165.CEV-JurmalaW2017.jpg\"><img loading=\"lazy\" decoding=\"async\" class=\"wp-image-321 size-medium\" src=\"http:\/\/www.beachsports-erfurt.de\/wp-content\/uploads\/2018\/05\/120702_165.CEV-JurmalaW2017-300x200.jpg\" alt=\"\" width=\"300\" height=\"200\" srcset=\"https:\/\/www.beachsports-erfurt.de\/wp-content\/uploads\/2018\/05\/120702_165.CEV-JurmalaW2017-300x200.jpg 300w, https:\/\/www.beachsports-erfurt.de\/wp-content\/uploads\/2018\/05\/120702_165.CEV-JurmalaW2017-768x512.jpg 768w, https:\/\/www.beachsports-erfurt.de\/wp-content\/uploads\/2018\/05\/120702_165.CEV-JurmalaW2017-1024x683.jpg 1024w\" sizes=\"(max-width: 300px) 100vw, 300px\" \/><\/a><figcaption id=\"caption-attachment-321\" class=\"wp-caption-text\">Quelle: Julia Gro\u00dfner \/ CEV<\/figcaption><\/figure>\n","protected":false},"excerpt":{"rendered":"<p>Wir freuen uns als neuestes Ehrenmitglied und gleichzeitig Schirmherrin des F\u00f6rdervereins folgende herausragende Sportlerin pr\u00e4sentieren zu d\u00fcrfen: Julia Gro\u00dfner &#8211;\u00a0 Europameisterin Beachvolleyball Damen 2017 Geburtsort &#8211; Weimar (Th\u00fcringen) Julias sportliche Erfolge Internationale Erfolge: Europameisterin 2017 (mit Nadja Glenzke, links im Bild zu sehen) 1x Gold FIVB World Tour (2014: Anapa Open) 5. Platz Grand Slam &hellip; <\/p>\n<p class=\"link-more\"><a href=\"https:\/\/www.beachsports-erfurt.de\/?page_id=315\" class=\"more-link\"><span class=\"screen-reader-text\">\u201eSchirmherrin\u201c<\/span> weiterlesen<\/a><\/p>\n","protected":false},"author":1,"featured_media":0,"parent":0,"menu_order":0,"comment_status":"closed","ping_status":"closed","template":"","meta":{"jetpack_post_was_ever_published":false,"footnotes":""},"jetpack_sharing_enabled":true,"jetpack_shortlink":"https:\/\/wp.me\/P9PYpo-55","jetpack_likes_enabled":true,"_links":{"self":[{"href":"https:\/\/www.beachsports-erfurt.de\/index.php?rest_route=\/wp\/v2\/pages\/315"}],"collection":[{"href":"https:\/\/www.beachsports-erfurt.de\/index.php?rest_route=\/wp\/v2\/pages"}],"about":[{"href":"https:\/\/www.beachsports-erfurt.de\/index.php?rest_route=\/wp\/v2\/types\/page"}],"author":[{"embeddable":true,"href":"https:\/\/www.beachsports-erfurt.de\/index.php?rest_route=\/wp\/v2\/users\/1"}],"replies":[{"embeddable":true,"href":"https:\/\/www.beachsports-erfurt.de\/index.php?rest_route=%2Fwp%2Fv2%2Fcomments&post=315"}],"version-history":[{"count":14,"href":"https:\/\/www.beachsports-erfurt.de\/index.php?rest_route=\/wp\/v2\/pages\/315\/revisions"}],"predecessor-version":[{"id":347,"href":"https:\/\/www.beachsports-erfurt.de\/index.php?rest_route=\/wp\/v2\/pages\/315\/revisions\/347"}],"wp:attachment":[{"href":"https:\/\/www.beachsports-erfurt.de\/index.php?rest_route=%2Fwp%2Fv2%2Fmedia&parent=315"}],"curies":[{"name":"wp","href":"https:\/\/api.w.org\/{rel}","templated":true}]}}